{"id":2523,"date":"2026-01-15T22:26:37","date_gmt":"2026-01-15T21:26:37","guid":{"rendered":"https:\/\/www.krissrl.com\/?page_id=2523"},"modified":"2026-01-23T11:25:06","modified_gmt":"2026-01-23T10:25:06","slug":"cosa","status":"publish","type":"page","link":"https:\/\/www.krissrl.com\/index.php\/it\/cosa\/","title":{"rendered":"Cosa"},"content":{"rendered":"[vc_row type=&#8221;full_width_content&#8221; full_screen_row_position=&#8221;middle&#8221; column_margin=&#8221;default&#8221; equal_height=&#8221;yes&#8221; content_placement=&#8221;middle&#8221; column_direction=&#8221;default&#8221; column_direction_tablet=&#8221;column_reverse&#8221; column_direction_phone=&#8221;column_reverse&#8221; scene_position=&#8221;center&#8221; top_padding=&#8221;12%&#8221; bottom_padding=&#8221;6%&#8221; left_padding_tablet=&#8221;8%&#8221; constrain_group_4=&#8221;yes&#8221; right_padding_tablet=&#8221;8%&#8221; text_color=&#8221;dark&#8221; text_align=&#8221;left&#8221; row_border_radius=&#8221;none&#8221; row_border_radius_applies=&#8221;bg&#8221; overflow=&#8221;visible&#8221; advanced_gradient_angle=&#8221;0&#8243; overlay_strength=&#8221;0.3&#8243; gradient_direction=&#8221;left_to_right&#8221; shape_divider_position=&#8221;bottom&#8221; bg_image_animation=&#8221;none&#8221; gradient_type=&#8221;default&#8221; shape_type=&#8221;&#8221;][vc_column column_padding=&#8221;padding-8-percent&#8221; column_padding_tablet=&#8221;no-extra-padding&#8221; column_padding_phone=&#8221;no-extra-padding&#8221; column_padding_position=&#8221;all&#8221; column_element_direction_desktop=&#8221;default&#8221; column_element_spacing=&#8221;default&#8221; desktop_text_alignment=&#8221;default&#8221; tablet_text_alignment=&#8221;default&#8221; phone_text_alignment=&#8221;default&#8221; background_color=&#8221;#d5c3b0&#8243; background_color_opacity=&#8221;1&#8243; background_hover_color_opacity=&#8221;1&#8243; column_backdrop_filter=&#8221;none&#8221; column_shadow=&#8221;none&#8221; column_border_radius=&#8221;none&#8221; column_link_target=&#8221;_self&#8221; column_position=&#8221;default&#8221; advanced_gradient_angle=&#8221;0&#8243; gradient_direction=&#8221;left_to_right&#8221; overlay_strength=&#8221;0.3&#8243; width=&#8221;1\/2&#8243; tablet_width_inherit=&#8221;default&#8221; animation_type=&#8221;default&#8221; bg_image_animation=&#8221;none&#8221; border_type=&#8221;simple&#8221; column_border_width=&#8221;none&#8221; column_border_style=&#8221;solid&#8221; gradient_type=&#8221;default&#8221; column_padding_type=&#8221;default&#8221;][vc_row_inner column_margin=&#8221;40px&#8221; column_direction=&#8221;default&#8221; column_direction_tablet=&#8221;default&#8221; column_direction_phone=&#8221;default&#8221; text_align=&#8221;left&#8221; row_position=&#8221;default&#8221; row_position_tablet=&#8221;inherit&#8221; row_position_phone=&#8221;inherit&#8221; overflow=&#8221;visible&#8221; pointer_events=&#8221;all&#8221; min_width=&#8221;47vh&#8221;][vc_column_inner column_padding=&#8221;no-extra-padding&#8221; column_padding_tablet=&#8221;inherit&#8221; column_padding_phone=&#8221;inherit&#8221; column_padding_position=&#8221;all&#8221; column_element_direction_desktop=&#8221;default&#8221; column_element_spacing=&#8221;default&#8221; desktop_text_alignment=&#8221;default&#8221; tablet_text_alignment=&#8221;default&#8221; phone_text_alignment=&#8221;default&#8221; background_color_opacity=&#8221;1&#8243; background_hover_color_opacity=&#8221;1&#8243; column_backdrop_filter=&#8221;none&#8221; column_shadow=&#8221;none&#8221; column_border_radius=&#8221;none&#8221; column_link_target=&#8221;_self&#8221; overflow=&#8221;visible&#8221; gradient_direction=&#8221;left_to_right&#8221; overlay_strength=&#8221;0.3&#8243; width=&#8221;1\/1&#8243; tablet_width_inherit=&#8221;default&#8221; animation_type=&#8221;default&#8221; enable_animation=&#8221;true&#8221; animation=&#8221;fade-in-from-bottom&#8221; animation_easing=&#8221;default&#8221; bg_image_animation=&#8221;none&#8221; border_type=&#8221;simple&#8221; column_border_width=&#8221;none&#8221; column_border_style=&#8221;solid&#8221; enable_border_animation=&#8221;true&#8221; column_padding_type=&#8221;default&#8221; gradient_type=&#8221;default&#8221;][vc_custom_heading text=&#8221;We make it easy&#8221; font_container=&#8221;tag:h2|text_align:left|color:%239748ef&#8221; google_fonts=&#8221;font_family:Noto%20Serif%3Aregular%2Citalic%2C700%2C700italic|font_style:400%20regular%3A400%3Anormal&#8221;][nectar_responsive_text text_color=&#8221;#9748ef&#8221;]Offriamo una gestione e un monitoraggio completi dell&#8217;intero processo produttivo:[\/nectar_responsive_text][vc_custom_heading text=&#8221;Selezione e Approvvigionamento Fornitori&#8221; font_container=&#8221;tag:h3|font_size:23|text_align:left|color:%239748ef&#8221; google_fonts=&#8221;font_family:Noto%20Serif%3Aregular%2Citalic%2C700%2C700italic|font_style:400%20regular%3A400%3Anormal&#8221;][nectar_responsive_text text_color=&#8221;#9748ef&#8221;]Grazie alla nostra pluriennale esperienza e alla presenza quotidiana in loco, abbiamo costruito una rete affidabile di fornitori. A seconda delle vostre esigenze, del livello di moda, delle aspettative di prezzo e dei tempi di consegna, vi proponiamo i fornitori pi\u00f9 adatti al vostro progetto.[\/nectar_responsive_text][vc_custom_heading text=&#8221;Sviluppo Campionario e Creazione Controcampioni&#8221; font_container=&#8221;tag:h3|font_size:23|text_align:left|color:%239748ef&#8221; google_fonts=&#8221;font_family:Noto%20Serif%3Aregular%2Citalic%2C700%2C700italic|font_style:400%20regular%3A400%3Anormal&#8221;][nectar_responsive_text text_color=&#8221;#9748ef&#8221;]Per ogni ordine, riceverete campioni per la conferma di vestibilit\u00e0, qualit\u00e0 e colore. Possiamo anche creare campioni duplicati per il vostro team di vendita.[\/nectar_responsive_text][vc_custom_heading text=&#8221;Rilascio e Conferma della Produzione&#8221; font_container=&#8221;tag:h3|font_size:23|text_align:left|color:%239748ef&#8221; google_fonts=&#8221;font_family:Noto%20Serif%3Aregular%2Citalic%2C700%2C700italic|font_style:400%20regular%3A400%3Anormal&#8221;][nectar_responsive_text text_color=&#8221;#9748ef&#8221;]La produzione viene rilasciata solo dopo aver ricevuto la conferma del campione. Una stretta collaborazione ci consente di raggiungere tempi di consegna di 10-14 giorni.[\/nectar_responsive_text][vc_custom_heading text=&#8221;Monitoraggio della puntualit\u00e0 delle consegne&#8221; font_container=&#8221;tag:h3|font_size:23|text_align:left|color:%239748ef&#8221; google_fonts=&#8221;font_family:Noto%20Serif%3Aregular%2Citalic%2C700%2C700italic|font_style:400%20regular%3A400%3Anormal&#8221;][nectar_responsive_text text_color=&#8221;#9748ef&#8221;]Il nostro team di merchandising mantiene contatti costanti con tutti i fornitori tramite telefono, WhatsApp ed e-mail. La nostra presenza quotidiana in loco \u00e8 particolarmente importante. Questo approccio si \u00e8 dimostrato efficace nel risolvere in anticipo potenziali problemi, garantendo la puntualit\u00e0 delle consegne.<\/p>\n<p>Inoltre, offriamo ai nostri clienti analisi personalizzate di mercato e tendenze per tenerli aggiornati sulle ultime tendenze della moda. Condividiamo regolarmente aggiornamenti sulle tendenze, approfondimenti di mercato e foto delle nuove collezioni tramite canali di comunicazione diretti come WhatsApp ed e-mail.<\/p>\n<p>Il nostro obiettivo \u00e8 offrire la massima trasparenza, flessibilit\u00e0 e un rapporto qualit\u00e0-prezzo ottimale, riducendo al minimo i rischi e la complessit\u00e0 per i nostri clienti.[\/nectar_responsive_text][vc_custom_heading text=&#8221;Controllo qualit\u00e0 durante la produzione e prima della spedizione&#8221; font_container=&#8221;tag:h3|font_size:23|text_align:left|color:%239748ef&#8221; google_fonts=&#8221;font_family:Noto%20Serif%3Aregular%2Citalic%2C700%2C700italic|font_style:400%20regular%3A400%3Anormal&#8221; el_class=&#8221;quality-heading&#8221;][nectar_responsive_text text_color=&#8221;#9748ef&#8221;]Particolare attenzione \u00e8 dedicata al controllo qualit\u00e0, che consideriamo un valore fondamentale del nostro lavoro.<br \/>\nOgni fase della produzione viene attentamente monitorata, dalla realizzazione e approvazione dei campioni fino ai controlli sulla produzione in serie, garantendo che ogni capo rispetti gli standard richiesti.<br \/>\nLa nostra agenzia dispone di un proprio reparto di Controllo Qualit\u00e0 (QC). Il nostro personale ispeziona quotidianamente tutte le produzioni. Prima della spedizione, informiamo tempestivamente i nostri clienti di eventuali discrepanze e collaboriamo con loro per individuare le soluzioni pi\u00f9 appropriate.[\/nectar_responsive_text][\/vc_column_inner][\/vc_row_inner][divider line_type=&#8221;No Line&#8221; custom_height=&#8221;5&#8243; custom_height_tablet=&#8221;70vh&#8221; custom_height_phone=&#8221;60vh&#8221;][vc_row_inner column_margin=&#8221;default&#8221; column_direction=&#8221;default&#8221; column_direction_tablet=&#8221;default&#8221; column_direction_phone=&#8221;default&#8221; bottom_padding=&#8221;0px&#8221; bottom_padding_tablet=&#8221;40px&#8221; bottom_padding_phone=&#8221;40px&#8221; text_align=&#8221;left&#8221; row_position=&#8221;default&#8221; row_position_tablet=&#8221;inherit&#8221; row_position_phone=&#8221;inherit&#8221; overflow=&#8221;visible&#8221; pointer_events=&#8221;all&#8221;][vc_column_inner column_padding=&#8221;no-extra-padding&#8221; column_padding_tablet=&#8221;inherit&#8221; column_padding_phone=&#8221;inherit&#8221; column_padding_position=&#8221;all&#8221; column_element_direction_desktop=&#8221;default&#8221; column_element_spacing=&#8221;default&#8221; desktop_text_alignment=&#8221;default&#8221; tablet_text_alignment=&#8221;default&#8221; phone_text_alignment=&#8221;default&#8221; background_color_opacity=&#8221;1&#8243; background_hover_color_opacity=&#8221;1&#8243; column_backdrop_filter=&#8221;none&#8221; column_shadow=&#8221;none&#8221; column_border_radius=&#8221;none&#8221; column_link_target=&#8221;_self&#8221; overflow=&#8221;visible&#8221; gradient_direction=&#8221;left_to_right&#8221; overlay_strength=&#8221;0.3&#8243; width=&#8221;1\/1&#8243; tablet_width_inherit=&#8221;default&#8221; animation_type=&#8221;default&#8221; enable_animation=&#8221;true&#8221; animation=&#8221;fade-in-from-bottom&#8221; animation_easing=&#8221;default&#8221; bg_image_animation=&#8221;none&#8221; border_type=&#8221;simple&#8221; column_border_width=&#8221;none&#8221; column_border_style=&#8221;solid&#8221;][nectar_cta btn_style=&#8221;see-through&#8221; heading_tag=&#8221;h6&#8243; button_color=&#8221;extra-color-2&#8243; text_color=&#8221;#ffffff&#8221; button_border_thickness=&#8221;0px&#8221; link_type=&#8221;regular&#8221; alignment=&#8221;left&#8221; alignment_tablet=&#8221;default&#8221; alignment_phone=&#8221;default&#8221; display=&#8221;block&#8221; display_tablet=&#8221;inherit&#8221; display_phone=&#8221;inherit&#8221; link_text=&#8221;Contattaci&#8221; padding_top=&#8221;15&#8243; padding_bottom=&#8221;15&#8243; padding_left=&#8221;35&#8243; padding_right=&#8221;35&#8243; url=&#8221;https:\/\/www.krissrl.com\/index.php\/it\/contattaci\/&#8221;][divider line_type=&#8221;No Line&#8221;][\/vc_column_inner][\/vc_row_inner][\/vc_column][vc_column column_padding=&#8221;no-extra-padding&#8221; column_padding_tablet=&#8221;inherit&#8221; column_padding_phone=&#8221;inherit&#8221; column_padding_position=&#8221;all&#8221; column_element_direction_desktop=&#8221;default&#8221; column_element_spacing=&#8221;0px&#8221; desktop_text_alignment=&#8221;default&#8221; tablet_text_alignment=&#8221;default&#8221; phone_text_alignment=&#8221;default&#8221; background_color=&#8221;#ad8b72&#8243; background_color_opacity=&#8221;1&#8243; background_hover_color_opacity=&#8221;1&#8243; column_backdrop_filter=&#8221;none&#8221; column_shadow=&#8221;none&#8221; column_border_radius=&#8221;none&#8221; column_link_target=&#8221;_self&#8221; column_position=&#8221;default&#8221; advanced_gradient_angle=&#8221;0&#8243; gradient_direction=&#8221;left_to_right&#8221; overlay_strength=&#8221;0.3&#8243; width=&#8221;1\/2&#8243; tablet_width_inherit=&#8221;default&#8221; animation_type=&#8221;default&#8221; bg_image_animation=&#8221;none&#8221; border_type=&#8221;simple&#8221; column_border_width=&#8221;none&#8221; column_border_style=&#8221;solid&#8221; gradient_type=&#8221;default&#8221; column_padding_type=&#8221;default&#8221;][vc_row_inner column_margin=&#8221;default&#8221; column_direction=&#8221;default&#8221; column_direction_tablet=&#8221;default&#8221; column_direction_phone=&#8221;default&#8221; left_padding_desktop=&#8221;20%&#8221; left_padding_tablet=&#8221;10%&#8221; text_align=&#8221;left&#8221; row_position=&#8221;default&#8221; row_position_tablet=&#8221;inherit&#8221; row_position_phone=&#8221;inherit&#8221; overflow=&#8221;visible&#8221; pointer_events=&#8221;all&#8221;][vc_column_inner column_padding=&#8221;no-extra-padding&#8221; column_padding_tablet=&#8221;inherit&#8221; column_padding_phone=&#8221;inherit&#8221; column_padding_position=&#8221;all&#8221; column_element_direction_desktop=&#8221;default&#8221; column_element_spacing=&#8221;default&#8221; desktop_text_alignment=&#8221;default&#8221; tablet_text_alignment=&#8221;default&#8221; phone_text_alignment=&#8221;default&#8221; background_color_opacity=&#8221;1&#8243; background_hover_color_opacity=&#8221;1&#8243; background_image=&#8221;1425&#8243; background_image_position=&#8221;center center&#8221; background_image_stacking=&#8221;default&#8221; enable_bg_scale=&#8221;true&#8221; background_image_loading=&#8221;default&#8221; column_backdrop_filter=&#8221;none&#8221; column_shadow=&#8221;none&#8221; column_border_radius=&#8221;none&#8221; column_link_target=&#8221;_self&#8221; overflow=&#8221;visible&#8221; advanced_gradient_angle=&#8221;0&#8243; gradient_direction=&#8221;left_to_right&#8221; overlay_strength=&#8221;0.3&#8243; width=&#8221;1\/1&#8243; tablet_width_inherit=&#8221;default&#8221; animation_type=&#8221;default&#8221; bg_image_animation=&#8221;none&#8221; parallax_bg=&#8221;true&#8221; parallax_bg_speed=&#8221;very_subtle&#8221; border_type=&#8221;simple&#8221; column_border_width=&#8221;none&#8221; column_border_style=&#8221;solid&#8221; gradient_type=&#8221;default&#8221; column_padding_type=&#8221;default&#8221;][divider line_type=&#8221;No Line&#8221; custom_height=&#8221;90vh&#8221; custom_height_tablet=&#8221;70vh&#8221; custom_height_phone=&#8221;60vh&#8221;][\/vc_column_inner][\/vc_row_inner][vc_row_inner column_margin=&#8221;default&#8221; column_direction=&#8221;default&#8221; column_direction_tablet=&#8221;default&#8221; column_direction_phone=&#8221;default&#8221; translate_y=&#8221;-50%&#8221; text_align=&#8221;left&#8221; min_width_desktop=&#8221;40%&#8221; row_position=&#8221;absolute&#8221; row_position_tablet=&#8221;inherit&#8221; row_position_phone=&#8221;inherit&#8221; top_position_desktop=&#8221;50%&#8221; left_position_desktop=&#8221;0&#8243; zindex=&#8221;50&#8243; overflow=&#8221;visible&#8221; pointer_events=&#8221;all&#8221;][vc_column_inner column_padding=&#8221;no-extra-padding&#8221; column_padding_tablet=&#8221;inherit&#8221; column_padding_phone=&#8221;inherit&#8221; column_padding_position=&#8221;all&#8221; column_element_direction_desktop=&#8221;default&#8221; column_element_spacing=&#8221;default&#8221; desktop_text_alignment=&#8221;default&#8221; tablet_text_alignment=&#8221;default&#8221; phone_text_alignment=&#8221;default&#8221; background_color_opacity=&#8221;1&#8243; background_hover_color_opacity=&#8221;1&#8243; background_image=&#8221;1428&#8243; background_image_position=&#8221;center center&#8221; background_image_stacking=&#8221;default&#8221; enable_bg_scale=&#8221;true&#8221; background_image_loading=&#8221;default&#8221; column_backdrop_filter=&#8221;none&#8221; column_shadow=&#8221;x_large_depth&#8221; column_border_radius=&#8221;none&#8221; column_link_target=&#8221;_self&#8221; overflow=&#8221;visible&#8221; advanced_gradient_angle=&#8221;0&#8243; gradient_direction=&#8221;left_to_right&#8221; overlay_strength=&#8221;0.3&#8243; width=&#8221;1\/1&#8243; tablet_width_inherit=&#8221;default&#8221; animation_type=&#8221;parallax&#8221; animation_movement_type=&#8221;default&#8221; column_parallax_intensity=&#8221;2.25&#8243; persist_movement_on_mobile=&#8221;true&#8221; bg_image_animation=&#8221;none&#8221; parallax_bg=&#8221;true&#8221; parallax_bg_speed=&#8221;very_subtle&#8221; border_type=&#8221;simple&#8221; column_border_width=&#8221;none&#8221; column_border_style=&#8221;solid&#8221; gradient_type=&#8221;default&#8221; column_padding_type=&#8221;default&#8221;][divider line_type=&#8221;No Line&#8221; custom_height=&#8221;50vh&#8221; custom_height_tablet=&#8221;40vh&#8221; custom_height_phone=&#8221;35vh&#8221;][\/vc_column_inner][\/vc_row_inner][\/vc_column][\/vc_row]\n","protected":false},"excerpt":{"rendered":"<p>[vc_row type=&#8221;full_width_content&#8221; full_screen_row_position=&#8221;middle&#8221; column_margin=&#8221;default&#8221; equal_height=&#8221;yes&#8221; content_placement=&#8221;middle&#8221; column_direction=&#8221;default&#8221; column_direction_tablet=&#8221;column_reverse&#8221; column_direction_phone=&#8221;column_reverse&#8221; scene_position=&#8221;center&#8221; top_padding=&#8221;12%&#8221; bottom_padding=&#8221;6%&#8221; left_padding_tablet=&#8221;8%&#8221; constrain_group_4=&#8221;yes&#8221; right_padding_tablet=&#8221;8%&#8221; text_color=&#8221;dark&#8221; text_align=&#8221;left&#8221; row_border_radius=&#8221;none&#8221; row_border_radius_applies=&#8221;bg&#8221; overflow=&#8221;visible&#8221; advanced_gradient_angle=&#8221;0&#8243; overlay_strength=&#8221;0.3&#8243; gradient_direction=&#8221;left_to_right&#8221; shape_divider_position=&#8221;bottom&#8221; bg_image_animation=&#8221;none&#8221; gradient_type=&#8221;default&#8221; shape_type=&#8221;&#8221;][vc_column column_padding=&#8221;padding-8-percent&#8221; column_padding_tablet=&#8221;no-extra-padding&#8221; column_padding_phone=&#8221;no-extra-padding&#8221;&#8230;<\/p>\n","protected":false},"author":1,"featured_media":0,"parent":0,"menu_order":0,"comment_status":"closed","ping_status":"closed","template":"","meta":{"footnotes":""},"class_list":["post-2523","page","type-page","status-publish"],"_links":{"self":[{"href":"https:\/\/www.krissrl.com\/index.php\/wp-json\/wp\/v2\/pages\/2523","targetHints":{"allow":["GET"]}}],"collection":[{"href":"https:\/\/www.krissrl.com\/index.php\/wp-json\/wp\/v2\/pages"}],"about":[{"href":"https:\/\/www.krissrl.com\/index.php\/wp-json\/wp\/v2\/types\/page"}],"author":[{"embeddable":true,"href":"https:\/\/www.krissrl.com\/index.php\/wp-json\/wp\/v2\/users\/1"}],"replies":[{"embeddable":true,"href":"https:\/\/www.krissrl.com\/index.php\/wp-json\/wp\/v2\/comments?post=2523"}],"version-history":[{"count":7,"href":"https:\/\/www.krissrl.com\/index.php\/wp-json\/wp\/v2\/pages\/2523\/revisions"}],"predecessor-version":[{"id":2561,"href":"https:\/\/www.krissrl.com\/index.php\/wp-json\/wp\/v2\/pages\/2523\/revisions\/2561"}],"wp:attachment":[{"href":"https:\/\/www.krissrl.com\/index.php\/wp-json\/wp\/v2\/media?parent=2523"}],"curies":[{"name":"wp","href":"https:\/\/api.w.org\/{rel}","templated":true}]}}